{"id":1186,"date":"2021-06-21T21:57:09","date_gmt":"2021-06-21T21:57:09","guid":{"rendered":"https:\/\/sth.cityofnewyork.us\/praca\/"},"modified":"2022-11-07T17:31:23","modified_gmt":"2022-11-07T17:31:23","slug":"praca","status":"publish","type":"page","link":"https:\/\/sth.cityofnewyork.us\/pl\/praca\/","title":{"rendered":"Praca"},"content":{"rendered":"&#13;\n<p class=\"is-style-subtitle\">NYC mo\u017ce pom\u00f3c w szukaniu pracy, utrzymaniu zatrudnienia i budowaniu umiej\u0119tno\u015bci poszerzaj\u0105cych mo\u017cliwo\u015bci. Dost\u0119pne s\u0105 r\u00f3wnie\u017c us\u0142ugi ochrony pracownik\u00f3w.<\/p>&#13;\n&#13;\n<h2 class=\"wp-block-heading\" class=\"wp-block-heading\" id=\"jaka-pomoc-moge-uzyskac\">Jak\u0105 pomoc mog\u0119 uzyska\u0107?<\/h2>&#13;\n&#13;\n<p class=\"has-medium-font-size\"><strong>Je\u015bli szukasz pracy lub zasob\u00f3w, kt\u00f3re pomog\u0105 Ci przygotowa\u0107 si\u0119 do pracy<\/strong>, poznaj <a href=\"https:\/\/working.nyc.gov\/\" target=\"_blank\" rel=\"noreferrer noopener\">Working NYC<\/a>. Jest to prosta w obs\u0142udze strona internetowa, na kt\u00f3rej znajduj\u0105 si\u0119 oferty zatrudnienia i szkole\u0144. Posiada r\u00f3wnie\u017c sta\u017ce, kursy pisania i programy High School Equivalency (wcze\u015bniej GED).  <\/p>&#13;\n&#13;\n<p class=\"has-medium-font-size\"><strong>Je\u015bli szukasz pracy dopasowanej do Twojego do\u015bwiadczenia i umiej\u0119tno\u015bci,<\/strong> zobacz <a href=\"https:\/\/benefitsnav.wpengine.com\/work\/#P026en\">WorkForce1<\/a>. Maj\u0105 programy, kt\u00f3re pomagaj\u0105 nowojorczykom przygotowa\u0107 si\u0119 i znale\u017a\u0107 prac\u0119 we wszystkich dzielnicach i w wielu r\u00f3\u017cnych bran\u017cach.<\/p>&#13;\n&#13;\n<p class=\"has-medium-font-size\"><strong>Je\u015bli jeste\u015b m\u0142od\u0105 osob\u0105, kt\u00f3ra szuka pracy, sta\u017cu lub szkolenia zawodowego,<\/strong> NYC Department of Youth and Community Development (DYCD) mo\u017ce pom\u00f3c. Odwied\u017a stron\u0119 <a href=\"https:\/\/benefitsnav.wpengine.com\/dycd\/\">DYCD<\/a> lub <a href=\"https:\/\/discoverdycd.dycdconnect.nyc\/home\" target=\"_blank\" rel=\"noreferrer noopener\">Discover DY<\/a> CD, aby uzyska\u0107 wi\u0119cej informacji.  <\/p>&#13;\n&#13;\n<p class=\"has-medium-font-size\"><strong>Je\u015bli masz niepe\u0142nosprawno\u015b\u0107 lub stan zdrowia, kt\u00f3ry utrudnia Ci udzia\u0142 w pracy, edukacji lub dzia\u0142alno\u015bci szkoleniowej<\/strong>, NYC Human Resources Administration (HRA) mo\u017ce pom\u00f3c. Zadzwo\u0144 pod numer 212-331-4640, aby uzyska\u0107 pomoc lub odwied\u017a stron\u0119 <a href=\"https:\/\/www1.nyc.gov\/site\/hra\/help\/career-services.page\" target=\"_blank\" rel=\"noreferrer noopener\">HRA&#8217;s Career Services<\/a>, aby uzyska\u0107 wi\u0119cej informacji.<\/p>&#13;\n&#13;\n<p class=\"has-medium-font-size\"><strong>Je\u015bli jeste\u015b osob\u0105 niepe\u0142nosprawn\u0105 i szukasz zatrudnienia,<\/strong> ACCES-VR mo\u017ce Ci pom\u00f3c. Pomagaj\u0105 osobom niepe\u0142nosprawnym w osi\u0105gni\u0119ciu i utrzymaniu zatrudnienia. Aby z\u0142o\u017cy\u0107 wniosek, musisz by\u0107 niepe\u0142nosprawny, co wp\u0142ywa na Twoj\u0105 zdolno\u015b\u0107 do zdobycia, utrzymania lub awansu w pracy. Dowiedz si\u0119 wi\u0119cej o kwalifikowalno\u015bci i sposobie sk\u0142adania wniosk\u00f3w na stronie <a href=\"http:\/\/www.acces.nysed.gov\/vr\/apply-vocational-rehabilitation-services\" target=\"_blank\" rel=\"noreferrer noopener\">ACCES-VR<\/a>.  <\/p>&#13;\n&#13;\n<p class=\"has-medium-font-size\"><strong>Je\u015bli obecnie otrzymujesz pomoc pieni\u0119\u017cn\u0105 i szukasz mo\u017cliwo\u015bci zwi\u0119kszenia swoich umiej\u0119tno\u015bci zawodowych, <\/strong><a rel=\"noreferrer noopener\" href=\"https:\/\/www1.nyc.gov\/site\/hra\/help\/career-services.page\" target=\"_blank\">Us\u0142ugi Kariery HRA<\/a> mog\u0105 Ci pom\u00f3c. Pracuj\u0105 z klientami, aby znale\u017a\u0107 mo\u017cliwo\u015bci, kt\u00f3re odpowiadaj\u0105 ich umiej\u0119tno\u015bciom, potrzebom i celom zawodowym. Dost\u0119pne s\u0105 kursy wyr\u00f3wnawcze z zakresu szko\u0142y \u015bredniej, kursy dla doros\u0142ych oraz zaj\u0119cia ESL.<\/p>&#13;\n\r\n<div style=\"height:20px\" aria-hidden=\"true\" class=\"wp-block-spacer\"><\/div>\r\n<div style=\"background-color: #eef7ff; color: #333333; border-left-color: #2c74bb; \" class=\"ub-styled-box ub-notification-box wp-block-ub-styled-box\" id=\"ub-styled-box-580a81c4-c059-477b-a69d-3dde13fc51fd\">\n<div style=\"height:10px\" aria-hidden=\"true\" class=\"wp-block-spacer\" id=\"ub-styled-box-notification-content-\"><\/div>\n\n\n\n<div class=\"wp-block-image\"><figure class=\"aligncenter size-full is-resized\"><img loading=\"lazy\" decoding=\"async\" src=\"https:\/\/benefitsnav.wpengine.com\/wp-content\/uploads\/2021\/07\/Info-icon.png\" alt=\"\" class=\"wp-image-552\" width=\"60\" height=\"60\" srcset=\"https:\/\/sth.cityofnewyork.us\/wp-content\/uploads\/2021\/07\/Info-icon.png 949w, https:\/\/sth.cityofnewyork.us\/wp-content\/uploads\/2021\/07\/Info-icon-300x300.png 300w, https:\/\/sth.cityofnewyork.us\/wp-content\/uploads\/2021\/07\/Info-icon-150x150.png 150w, https:\/\/sth.cityofnewyork.us\/wp-content\/uploads\/2021\/07\/Info-icon-768x768.png 768w\" sizes=\"auto, (max-width: 60px) 100vw, 60px\" \/><\/figure><\/div>\n\n\n\n<h2 class=\"wp-block-heading\" class=\"wp-block-heading\" id=\"how-do-i-get-started\"><strong>How do I get started?<\/strong><\/h2>\n\n\n\n<ul class=\"has-medium-font-size wp-block-list\"><li><strong>Go to <a rel=\"noreferrer noopener\" href=\"https:\/\/access.nyc.gov\/\" target=\"_blank\">Access NYC<\/a> and fill out a short online survey. <\/strong>The survey results will let you know what City benefits you&#8217;re eligible for, including some of the ones listed here. Follow the instructions on the result page to apply for benefits. You can also email your results to City staff at your child&#8217;s school or your shelter for help.<\/li><li><strong>Speak to City staff who can help. <\/strong>In schools, there may be an STH Community Coordinator or STH School-Based Liaison who can answer questions. If your child\u2019s school doesn\u2019t have those roles, reach out to the school\u2019s <a rel=\"noreferrer noopener\" href=\"https:\/\/www.schools.nyc.gov\/school-life\/special-situations\/students-in-temporary-housing\" target=\"_blank\">regional manager<\/a>. In a shelter, speak with a social worker, case manager, or family assistant.\u00a0<\/li><li><strong>Gather your documents. <\/strong>You may need certain documents to apply for services. Common ones include proof of identity, proof of address, and proof of income. Don\u2019t let missing documents keep you from applying. City staff can help you replace missing documents.\u00a0\u00a0<\/li><\/ul>\n\n\n\n<p class=\"has-medium-font-size\"><em>Undocumented immigrants can access many city services, regardless of their status. City employees will not ask about immigration status unless it is necessary to do their jobs. They must keep information about immigration status confidential.<\/em><\/p>\n\n\n<\/div>\r\n<div style=\"height:20px\" aria-hidden=\"true\" class=\"wp-block-spacer\"><\/div>\r\n<div class=\"wp-block-ub-divider ub_divider ub-divider-orientation-horizontal\" id=\"ub_divider_dde4d3e9-01b6-4fc7-987a-d652b56d5c8f\"><div class=\"ub_divider_wrapper\" style=\"position: relative; margin-bottom: 40px; width: 100%; height: 40px; \" data-divider-alignment=\"center\"><div class=\"ub_divider_line\" style=\"border-top: 4px solid #2c74bb; margin-top: 40px; \"><\/div><\/div><\/div>&#13;\n<h2 class=\"wp-block-heading\" class=\"wp-block-heading\" id=\"jakie-swiadczenia-i-programy-oferuje-nyc\">Jakie \u015bwiadczenia i programy oferuje NYC?<\/h2>&#13;\n&#13;\n<p class=\"has-medium-font-size\"><em>Kliknij na wpis, aby dowiedzie\u0107 si\u0119 wi\u0119cej.  <\/em><\/p>&#13;\n\r\n<div style=\"height:20px\" aria-hidden=\"true\" class=\"wp-block-spacer\"><\/div>\r\n\n<div id=\"opendata-program-list-block-block_60cd0cad36f09\" class=\"opendata-program-list-block\">\n<div class=\"benefit-program-list\"><div id=\"P028en\" class=\"benefit-program-list-single population-students age-teen age-young-adult \" data-url=\"https:\/\/sth.cityofnewyork.us\/benefit-program\/?pid=P028en\"><h2 class=\"benefit-program-list-title\"><a href=\"https:\/\/sth.cityofnewyork.us\/benefit-program\/?pid=P028en\">College and job prep for juniors and seniors in high school<\/a><\/h2><h3 class=\"benefit-program-list-subtitle\">Learn &#038; Earn<\/h3><h3 class=\"benefit-program-list-subtitle\" style=\"color: #999;\">Work | NYC Department of Youth &#038; Community Development (DYCD)<\/h3><p>Learn &#038; Earn is a year-round program for high school juniors and seniors at risk of dropping out of school. The program provides academic support, college application assistance, work readiness training, service-learning, and leadership activities, as well as a paid six-week summer internship.<\/p><div class=\"tags\"><a class=\"program-tag button bg-color-1\">Students<\/a><a class=\"program-tag button bg-color-1\">Teen<\/a><a class=\"program-tag button bg-color-1\">Young Adult<\/a><\/div><\/div><div id=\"P124en\" class=\"benefit-program-list-single population-families population-immigrants population-nycha-residents population-people-with-disabilities population-pregnant-new-parents population-seniors population-students population-veterans population-covid-19-impacted age-caregiver age-young-adult \" data-url=\"https:\/\/sth.cityofnewyork.us\/benefit-program\/?pid=P124en\"><h2 class=\"benefit-program-list-title\"><a href=\"https:\/\/sth.cityofnewyork.us\/benefit-program\/?pid=P124en\">Employee sick and family leave<\/a><\/h2><h3 class=\"benefit-program-list-subtitle\">Safe and Sick Leave<\/h3><h3 class=\"benefit-program-list-subtitle\" style=\"color: #999;\">Work | Department of Consumer and Worker Protection (DCWP)<\/h3><p>NYC employees have legal rights to paid and unpaid leave, including expanded rights under City and State laws. You can take unpaid and paid leave, depending on your circumstances and the type of employer you work for, to care for yourself or family members impacted by COVID-19.<\/p><div class=\"tags\"><a class=\"program-tag button bg-color-1\">Families<\/a><a class=\"program-tag button bg-color-1\">Immigrants<\/a><a class=\"program-tag button bg-color-1\">NYCHA residents<\/a><a class=\"program-tag button bg-color-1\">People with disabilities<\/a><a class=\"program-tag button bg-color-1\">Pregnant &#038; new parents<\/a><a class=\"program-tag button bg-color-1\">Seniors<\/a><a class=\"program-tag button bg-color-1\">Students<\/a><a class=\"program-tag button bg-color-1\">Veterans<\/a><a class=\"program-tag button bg-color-1\">COVID-19 impacted<\/a><a class=\"program-tag button bg-color-1\">Caregiver<\/a><a class=\"program-tag button bg-color-1\">Young Adult<\/a><\/div><\/div><div id=\"P026en\" class=\"benefit-program-list-single population-all-new-yorkers population-regardless-of-immigration-status age-caregiver age-young-adult \" data-url=\"https:\/\/sth.cityofnewyork.us\/benefit-program\/?pid=P026en\"><h2 class=\"benefit-program-list-title\"><a href=\"https:\/\/sth.cityofnewyork.us\/benefit-program\/?pid=P026en\">Free job prep service<\/a><\/h2><h3 class=\"benefit-program-list-subtitle\">Workforce1 Career Centers<\/h3><h3 class=\"benefit-program-list-subtitle\" style=\"color: #999;\">Work | NYC Department of Small Business Services (SBS)<\/h3><p>Workforce1 Career Centers help New Yorkers prepare for and connect to jobs across NYC&#8217;s five boroughs.<\/p><div class=\"tags\"><a class=\"program-tag button bg-color-1\">All New Yorkers<\/a><a class=\"program-tag button bg-color-1\"> regardless of immigration status<\/a><a class=\"program-tag button bg-color-1\">Caregiver<\/a><a class=\"program-tag button bg-color-1\">Young Adult<\/a><\/div><\/div><div id=\"P153en\" class=\"benefit-program-list-single population-all-new-yorkers population-regardless-of-immigration-status age-caregiver age-young-adult \" data-url=\"https:\/\/sth.cityofnewyork.us\/benefit-program\/?pid=P153en\"><h2 class=\"benefit-program-list-title\"><a href=\"https:\/\/sth.cityofnewyork.us\/benefit-program\/?pid=P153en\">Get job alerts via text<\/a><\/h2><h3 class=\"benefit-program-list-subtitle\">Text 2 Work<\/h3><h3 class=\"benefit-program-list-subtitle\" style=\"color: #999;\">Work | NYC Human Resources Administration (HRA)<\/h3><p>&#8222;TXT-2-WORK&#8221; connects you with job openings across NYC.<\/p><div class=\"tags\"><a class=\"program-tag button bg-color-1\">All New Yorkers<\/a><a class=\"program-tag button bg-color-1\"> regardless of immigration status<\/a><a class=\"program-tag button bg-color-1\">Caregiver<\/a><a class=\"program-tag button bg-color-1\">Young Adult<\/a><\/div><\/div><div id=\"P097en\" class=\"benefit-program-list-single population-students population-youth-10 population-covid-19-impacted age-teen age-young-adult \" data-url=\"https:\/\/sth.cityofnewyork.us\/benefit-program\/?pid=P097en\"><h2 class=\"benefit-program-list-title\"><a href=\"https:\/\/sth.cityofnewyork.us\/benefit-program\/?pid=P097en\">Internships for high school and college students<\/a><\/h2><h3 class=\"benefit-program-list-subtitle\">NYC Ladders for Leaders<\/h3><h3 class=\"benefit-program-list-subtitle\" style=\"color: #999;\">Work | NYC Department of Youth &#038; Community Development (DYCD)<\/h3><p>The program offers paid professional summer internships to high school and college students. Employers include leading companies, non-profits, and government agencies in New York City. The program also provides job support and prep.<\/p><div class=\"tags\"><a class=\"program-tag button bg-color-1\">Students<\/a><a class=\"program-tag button bg-color-1\">Youth (10+)<\/a><a class=\"program-tag button bg-color-1\">COVID-19 impacted<\/a><a class=\"program-tag button bg-color-1\">Teen<\/a><a class=\"program-tag button bg-color-1\">Young Adult<\/a><\/div><\/div><div id=\"P099en\" class=\"benefit-program-list-single population-nycha-residents population-youth-10 age-caregiver age-teen age-young-adult \" data-url=\"https:\/\/sth.cityofnewyork.us\/benefit-program\/?pid=P099en\"><h2 class=\"benefit-program-list-title\"><a href=\"https:\/\/sth.cityofnewyork.us\/benefit-program\/?pid=P099en\">Job assistance for public housing residents<\/a><\/h2><h3 class=\"benefit-program-list-subtitle\">Jobs Plus<\/h3><h3 class=\"benefit-program-list-subtitle\" style=\"color: #999;\">Work | NYC Housing Authority (NYCHA)<\/h3><p>Jobs Plus is an employment program for working-age NYCHA residents. It helps participants find work and keep more of their earned income. Jobs Plus offers job-related services, help with finances, and community support.<\/p><div class=\"tags\"><a class=\"program-tag button bg-color-1\">NYCHA residents<\/a><a class=\"program-tag button bg-color-1\">Youth (10+)<\/a><a class=\"program-tag button bg-color-1\">Caregiver<\/a><a class=\"program-tag button bg-color-1\">Teen<\/a><a class=\"program-tag button bg-color-1\">Young Adult<\/a><\/div><\/div><div id=\"P095en\" class=\"benefit-program-list-single population- age-teen age-young-adult \" data-url=\"https:\/\/sth.cityofnewyork.us\/benefit-program\/?pid=P095en\"><h2 class=\"benefit-program-list-title\"><a href=\"https:\/\/sth.cityofnewyork.us\/benefit-program\/?pid=P095en\">Job training and employment for low-income youth ages 16-24<\/a><\/h2><h3 class=\"benefit-program-list-subtitle\">Train &#038; Earn<\/h3><h3 class=\"benefit-program-list-subtitle\" style=\"color: #999;\">Work | NYC Department of Youth &#038; Community Development (DYCD)<\/h3><p>Train &#038; Earn is a short-term program for low-income youth ages 16-24 who are not working nor in school. Youth can get training to improve their job skills and find permanent work, as well as get HSE prep.<\/p><div class=\"tags\"><a class=\"program-tag button bg-color-1\">Teen<\/a><a class=\"program-tag button bg-color-1\">Young Adult<\/a><\/div><\/div><div id=\"P025en\" class=\"benefit-program-list-single population-older-adults age-caregiver \" data-url=\"https:\/\/sth.cityofnewyork.us\/benefit-program\/?pid=P025en\"><h2 class=\"benefit-program-list-title\"><a href=\"https:\/\/sth.cityofnewyork.us\/benefit-program\/?pid=P025en\">Job training and placement for older adults<\/a><\/h2><h3 class=\"benefit-program-list-subtitle\">Older Adult Employment Program<\/h3><h3 class=\"benefit-program-list-subtitle\" style=\"color: #999;\">Work | NYC Department of the Aging<\/h3><p>The Older Adult Employment Program helps adults 55 and older prepare for and find work while paying them. Older adults get trained to use computers, look for work, write resumes, and more. Career counselors are also there to give advice.<\/p><div class=\"tags\"><a class=\"program-tag button bg-color-1\">Older Adults<\/a><a class=\"program-tag button bg-color-1\">Caregiver<\/a><\/div><\/div><div id=\"P135en\" class=\"benefit-program-list-single population-everyone population-families population-immigrants population-nycha-residents population-people-with-disabilities population-seniors population-students population-veterans population-covid-19-impacted age-caregiver age-young-adult \" data-url=\"https:\/\/sth.cityofnewyork.us\/benefit-program\/?pid=P135en\"><h2 class=\"benefit-program-list-title\"><a href=\"https:\/\/sth.cityofnewyork.us\/benefit-program\/?pid=P135en\">Job training programs and resources from the City<\/a><\/h2><h3 class=\"benefit-program-list-subtitle\">WorkingNYC<\/h3><h3 class=\"benefit-program-list-subtitle\" style=\"color: #999;\">Work | NYC Mayor&#8217;s Office of Workforce Development (WKDEV)<\/h3><p>WorkingNYC (<a href=\"https:\/\/working.nyc.gov\/\" rel=\"nofollow\">https:\/\/working.nyc.gov\/<\/a>) is New York City\u2019s front door to programs that help you prepare for and find a job. Find the programs that are right for you, figure out if you\u2019re eligible, and learn about the next steps to apply.<\/p><div class=\"tags\"><a class=\"program-tag button bg-color-1\">Everyone<\/a><a class=\"program-tag button bg-color-1\">Families<\/a><a class=\"program-tag button bg-color-1\">Immigrants<\/a><a class=\"program-tag button bg-color-1\">NYCHA residents<\/a><a class=\"program-tag button bg-color-1\">People with disabilities<\/a><a class=\"program-tag button bg-color-1\">Seniors<\/a><a class=\"program-tag button bg-color-1\">Students<\/a><a class=\"program-tag button bg-color-1\">Veterans<\/a><a class=\"program-tag button bg-color-1\">COVID-19 impacted<\/a><a class=\"program-tag button bg-color-1\">Caregiver<\/a><a class=\"program-tag button bg-color-1\">Young Adult<\/a><\/div><\/div><div id=\"P024en\" class=\"benefit-program-list-single population-nycha-residents age-caregiver age-young-adult \" data-url=\"https:\/\/sth.cityofnewyork.us\/benefit-program\/?pid=P024en\"><h2 class=\"benefit-program-list-title\"><a href=\"https:\/\/sth.cityofnewyork.us\/benefit-program\/?pid=P024en\">Jobs, training, and financial support for NYCHA residents<\/a><\/h2><h3 class=\"benefit-program-list-subtitle\">NYCHA Resident Economic Empowerment and Sustainability<\/h3><h3 class=\"benefit-program-list-subtitle\" style=\"color: #999;\">Work | NYC Housing Authority (NYCHA)<\/h3><p>REES connects NYCHA residents to job training, education programs, financial counseling, and support for starting a business.<\/p><div class=\"tags\"><a class=\"program-tag button bg-color-1\">NYCHA residents<\/a><a class=\"program-tag button bg-color-1\">Caregiver<\/a><a class=\"program-tag button bg-color-1\">Young Adult<\/a><\/div><\/div><div id=\"P030en\" class=\"benefit-program-list-single population-students age-teen age-young-adult \" data-url=\"https:\/\/sth.cityofnewyork.us\/benefit-program\/?pid=P030en\"><h2 class=\"benefit-program-list-title\"><a href=\"https:\/\/sth.cityofnewyork.us\/benefit-program\/?pid=P030en\">Paid summer work experiences for ages 14\u201324<\/a><\/h2><h3 class=\"benefit-program-list-subtitle\">Summer Youth Employment Program<\/h3><h3 class=\"benefit-program-list-subtitle\" style=\"color: #999;\">Work | NYC Department of Youth &#038; Community Development (DYCD)<\/h3><p>If you&#8217;re 14-24 years old and live in NYC, you can get a paid summer job and explore career opportunities when school&#8217;s out<\/p><div class=\"tags\"><a class=\"program-tag button bg-color-1\">Students<\/a><a class=\"program-tag button bg-color-1\">Teen<\/a><a class=\"program-tag button bg-color-1\">Young Adult<\/a><\/div><\/div><div id=\"P163en\" class=\"benefit-program-list-single population- age- \" data-url=\"https:\/\/sth.cityofnewyork.us\/benefit-program\/?pid=P163en\"><h2 class=\"benefit-program-list-title\"><a href=\"https:\/\/sth.cityofnewyork.us\/benefit-program\/?pid=P163en\">Paid time off for pregnancy-related health care appointments<\/a><\/h2><h3 class=\"benefit-program-list-subtitle\">NYS Paid Prenatal Leave<\/h3><h3 class=\"benefit-program-list-subtitle\" style=\"color: #999;\">Work | <\/h3><p>By law in New York State, you are entitled to take up to 20 hours of paid prenatal leave every year for doctors&#8217; appointments related to your pregnancy.<\/p><div class=\"tags\"><\/div><\/div><div id=\"P154\" class=\"benefit-program-list-single population-seniors age- \" data-url=\"https:\/\/sth.cityofnewyork.us\/benefit-program\/?pid=P154\"><h2 class=\"benefit-program-list-title\"><a href=\"https:\/\/sth.cityofnewyork.us\/benefit-program\/?pid=P154\">Volunteering and skill-building for older adults<\/a><\/h2><h3 class=\"benefit-program-list-subtitle\">Silver Corps<\/h3><h3 class=\"benefit-program-list-subtitle\" style=\"color: #999;\">Work | NYC Department for the Aging (NYC Aging)<\/h3><p>Silver Corps is an AmeriCorps-funded program operated through NYC Aging. It provides older adults with volunteer assignments at a partner organization. Participants are connected to training, and\/or credentialing to secure employment.<\/p><div class=\"tags\"><a class=\"program-tag button bg-color-1\">Seniors<\/a><\/div><\/div><div id=\"P154en\" class=\"benefit-program-list-single population-older-adults age- \" data-url=\"https:\/\/sth.cityofnewyork.us\/benefit-program\/?pid=P154en\"><h2 class=\"benefit-program-list-title\"><a href=\"https:\/\/sth.cityofnewyork.us\/benefit-program\/?pid=P154en\">Volunteering and skill-building for older adults<\/a><\/h2><h3 class=\"benefit-program-list-subtitle\">Silver Corps<\/h3><h3 class=\"benefit-program-list-subtitle\" style=\"color: #999;\">Work | NYC Department for the Aging (NYC Aging)<\/h3><p>Silver Corps is an AmeriCorps-funded program operated through NYC Aging. It provides older adults with volunteer assignments at a partner organization. Participants are connected to training and\/or credentialing to secure employment.<\/p><div class=\"tags\"><a class=\"program-tag button bg-color-1\">Older Adults<\/a><\/div><\/div><\/div>    <div class=\"clear\" style=\"width: 100%; clear: both; height: 1px; font-size: 1px; line-height: 1px;\">&nbsp;<\/div>\n<\/div>\n&#13;\n<p><\/p>&#13;\n","protected":false},"excerpt":{"rendered":"<p>&#13; NYC mo\u017ce pom\u00f3c w szukaniu pracy, utrzymaniu zatrudnienia i budowaniu umiej\u0119tno\u015bci poszerzaj\u0105cych mo\u017cliwo\u015bci. Dost\u0119pne s\u0105 r\u00f3wnie\u017c us\u0142ugi ochrony pracownik\u00f3w. &#13; &#13; Jak\u0105 pomoc mog\u0119 uzyska\u0107? &#13; &#13; Je\u015bli szukasz pracy lub zasob\u00f3w, kt\u00f3re pomog\u0105 Ci przygotowa\u0107 si\u0119 do pracy, poznaj Working NYC. Jest to prosta w obs\u0142udze strona internetowa, na kt\u00f3rej znajduj\u0105 si\u0119 oferty <\/p>\n","protected":false},"author":2,"featured_media":0,"parent":0,"menu_order":12,"comment_status":"closed","ping_status":"closed","template":"page-pagenav.php","meta":{"_acf_changed":false,"footnotes":""},"program_category":[],"class_list":["post-1186","page","type-page","status-publish","hentry"],"featured_image_src":null,"acf":[],"_links":{"self":[{"href":"https:\/\/sth.cityofnewyork.us\/pl\/wp-json\/wp\/v2\/pages\/1186","targetHints":{"allow":["GET"]}}],"collection":[{"href":"https:\/\/sth.cityofnewyork.us\/pl\/wp-json\/wp\/v2\/pages"}],"about":[{"href":"https:\/\/sth.cityofnewyork.us\/pl\/wp-json\/wp\/v2\/types\/page"}],"author":[{"embeddable":true,"href":"https:\/\/sth.cityofnewyork.us\/pl\/wp-json\/wp\/v2\/users\/2"}],"replies":[{"embeddable":true,"href":"https:\/\/sth.cityofnewyork.us\/pl\/wp-json\/wp\/v2\/comments?post=1186"}],"version-history":[{"count":0,"href":"https:\/\/sth.cityofnewyork.us\/pl\/wp-json\/wp\/v2\/pages\/1186\/revisions"}],"wp:attachment":[{"href":"https:\/\/sth.cityofnewyork.us\/pl\/wp-json\/wp\/v2\/media?parent=1186"}],"wp:term":[{"taxonomy":"program_category","embeddable":true,"href":"https:\/\/sth.cityofnewyork.us\/pl\/wp-json\/wp\/v2\/program_category?post=1186"}],"curies":[{"name":"wp","href":"https:\/\/api.w.org\/{rel}","templated":true}]}}