{"id":1103,"date":"2021-06-21T21:55:19","date_gmt":"2021-06-21T21:55:19","guid":{"rendered":"https:\/\/sth.cityofnewyork.us\/services-aux-immigrants\/"},"modified":"2022-09-26T20:46:05","modified_gmt":"2022-09-26T20:46:05","slug":"services-aux-immigrants","status":"publish","type":"page","link":"https:\/\/sth.cityofnewyork.us\/fr\/services-aux-immigrants\/","title":{"rendered":"Services aux immigrants"},"content":{"rendered":"\n<p class=\"is-style-subtitle\">Les immigr\u00e9s peuvent acc\u00e9der \u00e0 de nombreux services de la ville de New York, quel que soit leur statut d&rsquo;immigration. Une traduction gratuite et une aide juridique sont \u00e9galement disponibles.<\/p>\n<div style=\"background-color: #faf3ff; color: #333333; border-left-color: #9951d1; \" class=\"ub-styled-box ub-notification-box wp-block-ub-styled-box\" id=\"ub-styled-box-e9e0760f-4884-4455-bfdd-8470c503f6bc\">\n<div style=\"height:10px\" aria-hidden=\"true\" class=\"wp-block-spacer\" id=\"ub-styled-box-notification-content-\"><\/div>\n\n\n\n<p class=\"has-medium-font-size\">Les employ\u00e9s de la ville ne poseront pas de questions sur le statut d&rsquo;immigrant, sauf si cela est n\u00e9cessaire pour faire leur travail. Ils doivent garder confidentielles les informations relatives au statut d&rsquo;immigration. Le <a href=\"https:\/\/www1.nyc.gov\/site\/immigrants\/index.page\" target=\"_blank\" rel=\"noreferrer noopener\">bureau du maire charg\u00e9 des questions relatives aux immigr\u00e9s<\/a> veille \u00e0 ce que les immigr\u00e9s sans papiers puissent acc\u00e9der \u00e0 la plupart des services municipaux, quel que soit leur statut.<\/p>\n\n\n\n<div style=\"height:1px\" aria-hidden=\"true\" class=\"wp-block-spacer\"><\/div>\n\n\n<\/div>\n<div style=\"height:10px\" aria-hidden=\"true\" class=\"wp-block-spacer\"><\/div>\n\n<h2 class=\"wp-block-heading\" class=\"wp-block-heading\" id=\"quelle-aide-puis-je-obtenir\">Quelle aide puis-je obtenir ?<\/h2>\n\n<p class=\"has-medium-font-size\"><strong>Si vous avez besoin de soins de sant\u00e9 ou d&rsquo;une assurance gratuits ou \u00e0 faible co\u00fbt,<\/strong> consultez la page \u00a0\u00bb <a href=\"https:\/\/benefitsnav.wpengine.com\/health\/\">Sant\u00e9\u00a0\u00bb<\/a> de ce site. Les immigr\u00e9s peuvent acc\u00e9der \u00e0 plusieurs services ind\u00e9pendamment de leur statut d&rsquo;immigration.  <\/p>\n\n<p class=\"has-medium-font-size\"><strong>Si vous avez besoin d&rsquo;une aide juridique gratuite pour une demande ou une question li\u00e9e \u00e0 l&rsquo;immigration,<\/strong> l&rsquo;Office de la justice civile (OCJ) peut vous aider. Visitez le <a href=\"https:\/\/www1.nyc.gov\/site\/immigrants\/index.page\" target=\"_blank\" rel=\"noreferrer noopener\">bureau du maire charg\u00e9 des affaires des immigrants<\/a> pour plus d&rsquo;informations. Les services sont disponibles quel que soit le statut d&rsquo;immigration.  <\/p>\n\n<p class=\"has-medium-font-size\"><strong>Si vous \u00eates menac\u00e9 d&rsquo;expulsion, si vous \u00eates un travailleur victime d&rsquo;un vol de salaire ou d&rsquo;autres violations du lieu de travail, ou si vous \u00eates confront\u00e9 \u00e0 d&rsquo;autres probl\u00e8mes juridiques,<\/strong> l&rsquo;OCJ peut vous aider. Visitez le <a href=\"https:\/\/www1.nyc.gov\/site\/immigrants\/index.page\" target=\"_blank\" rel=\"noreferrer noopener\">bureau du maire charg\u00e9 des affaires des immigrants<\/a> pour plus d&rsquo;informations. Les services sont disponibles quel que soit le statut d&rsquo;immigration.  <\/p>\n\n<p class=\"has-medium-font-size\"><strong>Si vous avez besoin de recevoir des informations scolaires dans une autre langue<\/strong>, informez-en le directeur de votre \u00e9cole ou le coordinateur des parents. Vous pouvez \u00e9galement appeler le DOE au 718-935-2013 ou envoyer un courriel <a href=\"mailto:hello@schools.nyc.gov\" target=\"_blank\" rel=\"noreferrer noopener\">\u00e0 hello@schools.nyc.gov.<\/a><\/p>\n\n<p class=\"has-medium-font-size\"><strong>Si vous recherchez un programme d&rsquo;apprentissage de l&rsquo;anglais,<\/strong> consultez <a href=\"https:\/\/benefitsnav.wpengine.com\/immigrant-services\/#P121en\">We Speak NYC<\/a>.<\/p>\n\n<p class=\"has-medium-font-size\"><strong>Si vous recherchez une aide juridique gratuite et s\u00fbre en mati\u00e8re d&rsquo;immigration,<\/strong> ou une aide pour votre demande de citoyennet\u00e9, consultez <a href=\"https:\/\/benefitsnav.wpengine.com\/immigrant-services\/#P125en\">Action NYC<\/a>.<\/p>\n\n<p class=\"has-medium-font-size\"><strong>Si vous cherchez de l&rsquo;aide pour votre demande de citoyennet\u00e9 am\u00e9ricaine<\/strong>, consultez <a href=\"https:\/\/www1.nyc.gov\/site\/immigrants\/help\/legal-services\/citizenship.page\" target=\"_blank\" rel=\"noreferrer noopener\">NYCitizenship<\/a>.<\/p>\n\n<div style=\"height:20px\" aria-hidden=\"true\" class=\"wp-block-spacer\"><\/div>\n<div style=\"background-color: #eef7ff; color: #333333; border-left-color: #2c74bb; \" class=\"ub-styled-box ub-notification-box wp-block-ub-styled-box\" id=\"ub-styled-box-580a81c4-c059-477b-a69d-3dde13fc51fd\">\n<div style=\"height:10px\" aria-hidden=\"true\" class=\"wp-block-spacer\" id=\"ub-styled-box-notification-content-\"><\/div>\n\n\n\n<div class=\"wp-block-image\"><figure class=\"aligncenter size-full is-resized\"><img loading=\"lazy\" decoding=\"async\" src=\"https:\/\/benefitsnav.wpengine.com\/wp-content\/uploads\/2021\/07\/Info-icon.png\" alt=\"\" class=\"wp-image-552\" width=\"60\" height=\"60\" srcset=\"https:\/\/sth.cityofnewyork.us\/wp-content\/uploads\/2021\/07\/Info-icon.png 949w, https:\/\/sth.cityofnewyork.us\/wp-content\/uploads\/2021\/07\/Info-icon-300x300.png 300w, https:\/\/sth.cityofnewyork.us\/wp-content\/uploads\/2021\/07\/Info-icon-150x150.png 150w, https:\/\/sth.cityofnewyork.us\/wp-content\/uploads\/2021\/07\/Info-icon-768x768.png 768w\" sizes=\"auto, (max-width: 60px) 100vw, 60px\" \/><\/figure><\/div>\n\n\n\n<h2 class=\"wp-block-heading\" class=\"wp-block-heading\" id=\"how-do-i-get-started\"><strong>How do I get started?<\/strong><\/h2>\n\n\n\n<ul class=\"has-medium-font-size wp-block-list\"><li><strong>Go to <a rel=\"noreferrer noopener\" href=\"https:\/\/access.nyc.gov\/\" target=\"_blank\">Access NYC<\/a> and fill out a short online survey. <\/strong>The survey results will let you know what City benefits you&rsquo;re eligible for, including some of the ones listed here. Follow the instructions on the result page to apply for benefits. You can also email your results to City staff at your child&rsquo;s school or your shelter for help.<\/li><li><strong>Speak to City staff who can help. <\/strong>In schools, there may be an STH Community Coordinator or STH School-Based Liaison who can answer questions. If your child\u2019s school doesn\u2019t have those roles, reach out to the school\u2019s <a rel=\"noreferrer noopener\" href=\"https:\/\/www.schools.nyc.gov\/school-life\/special-situations\/students-in-temporary-housing\" target=\"_blank\">regional manager<\/a>. In a shelter, speak with a social worker, case manager, or family assistant.\u00a0<\/li><li><strong>Gather your documents. <\/strong>You may need certain documents to apply for services. Common ones include proof of identity, proof of address, and proof of income. Don\u2019t let missing documents keep you from applying. City staff can help you replace missing documents.\u00a0\u00a0<\/li><\/ul>\n\n\n\n<p class=\"has-medium-font-size\"><em>Undocumented immigrants can access many city services, regardless of their status. City employees will not ask about immigration status unless it is necessary to do their jobs. They must keep information about immigration status confidential.<\/em><\/p>\n\n\n<\/div>\n<p><\/p>\n<div class=\"wp-block-ub-divider ub_divider ub-divider-orientation-horizontal\" id=\"ub_divider_a68eab1f-8ee2-4fba-bb96-5a37874a8fc6\"><div class=\"ub_divider_wrapper\" style=\"position: relative; margin-bottom: 40px; width: 100%; height: 40px; \" data-divider-alignment=\"center\"><div class=\"ub_divider_line\" style=\"border-top: 4px solid #2c74bb; margin-top: 40px; \"><\/div><\/div><\/div>\n<h2 class=\"wp-block-heading\" class=\"wp-block-heading\" id=\"quels-sont-les-avantages-et-les-programmes-offerts-par-nyc\">Quels sont les avantages et les programmes offerts par NYC ?  <\/h2>\n\n<p class=\"has-medium-font-size\"><em>Cliquez sur une entr\u00e9e pour en savoir plus. <\/em>  <\/p>\n\n<div style=\"height:20px\" aria-hidden=\"true\" class=\"wp-block-spacer\"><\/div>\n\n<div id=\"opendata-program-list-block-block_60d707aec2ba3\" class=\"opendata-program-list-block\">\n<div class=\"benefit-program-list\"><div id=\"P011en\" class=\"benefit-program-list-single population-all-new-yorkers population-regardless-of-immigration-status age-everyone \" data-url=\"https:\/\/sth.cityofnewyork.us\/benefit-program\/?pid=P011en\"><h2 class=\"benefit-program-list-title\"><a href=\"https:\/\/sth.cityofnewyork.us\/benefit-program\/?pid=P011en\">Private health insurance plans<\/a><\/h2><h3 class=\"benefit-program-list-subtitle\">Qualified Health Plans<\/h3><h3 class=\"benefit-program-list-subtitle\" style=\"color: #999;\">Health | NY State of Health<\/h3><p>Enrollment for 2026 Qualified Health Plans are open now until January 31, 2026 through NY State of Health<\/p><div class=\"tags\"><a class=\"program-tag button bg-color-1\">All New Yorkers<\/a><a class=\"program-tag button bg-color-1\"> regardless of immigration status<\/a><a class=\"program-tag button bg-color-1\">Everyone<\/a><\/div><\/div><div id=\"P020en\" class=\"benefit-program-list-single population-children-0-13 population-immigrants population-students population-youth-10 age-grade-schooler age-pre-teen age-teen \" data-url=\"https:\/\/sth.cityofnewyork.us\/benefit-program\/?pid=P020en\"><h2 class=\"benefit-program-list-title\"><a href=\"https:\/\/sth.cityofnewyork.us\/benefit-program\/?pid=P020en\">Free school breakfast and lunch<\/a><\/h2><h3 class=\"benefit-program-list-subtitle\">School Food<\/h3><h3 class=\"benefit-program-list-subtitle\" style=\"color: #999;\">Food | NYC Department of Education (DOE)<\/h3><p>Students in every New York City public school can get free breakfast and lunch. Delicious, nutritious, and culturally relevant meals are available to students each day.<\/p><div class=\"tags\"><a class=\"program-tag button bg-color-1\">Children (0-13)<\/a><a class=\"program-tag button bg-color-1\">Immigrants<\/a><a class=\"program-tag button bg-color-1\">Students<\/a><a class=\"program-tag button bg-color-1\">Youth (10+)<\/a><a class=\"program-tag button bg-color-1\">Grade-Schooler<\/a><a class=\"program-tag button bg-color-1\">Pre-Teen<\/a><a class=\"program-tag button bg-color-1\">Teen<\/a><\/div><\/div><div id=\"P032en\" class=\"benefit-program-list-single population-all-new-yorkers population-regardless-of-immigration-status age-caregiver age-pre-teen age-teen age-young-adult \" data-url=\"https:\/\/sth.cityofnewyork.us\/benefit-program\/?pid=P032en\"><h2 class=\"benefit-program-list-title\"><a href=\"https:\/\/sth.cityofnewyork.us\/benefit-program\/?pid=P032en\">A free City ID card<\/a><\/h2><h3 class=\"benefit-program-list-subtitle\">IDNYC<\/h3><h3 class=\"benefit-program-list-subtitle\" style=\"color: #999;\">City ID Card | NYC Human Resources Administration (HRA)<\/h3><p>IDNYC is a free government-issued photo ID card for people 10 and older who live in NYC. It can help you get City services, museum memberships, and more.<\/p><div class=\"tags\"><a class=\"program-tag button bg-color-1\">All New Yorkers<\/a><a class=\"program-tag button bg-color-1\"> regardless of immigration status<\/a><a class=\"program-tag button bg-color-1\">Caregiver<\/a><a class=\"program-tag button bg-color-1\">Pre-Teen<\/a><a class=\"program-tag button bg-color-1\">Teen<\/a><a class=\"program-tag button bg-color-1\">Young Adult<\/a><\/div><\/div><div id=\"P039en\" class=\"benefit-program-list-single population-all-new-yorkers population-regardless-of-immigration-status age-everyone \" data-url=\"https:\/\/sth.cityofnewyork.us\/benefit-program\/?pid=P039en\"><h2 class=\"benefit-program-list-title\"><a href=\"https:\/\/sth.cityofnewyork.us\/benefit-program\/?pid=P039en\">Food from pantries and community kitchens<\/a><\/h2><h3 class=\"benefit-program-list-subtitle\">Community Food Connection<\/h3><h3 class=\"benefit-program-list-subtitle\" style=\"color: #999;\">Food | NYC Human Resources Administration (HRA)<\/h3><p>There are ways to get free food quickly &#8211; get groceries from a food pantry, or a cooked meal from a community kitchen. Use the Food Help NYC (<a href=\"https:\/\/foodhelp.nyc.gov\/\" rel=\"nofollow\">https:\/\/foodhelp.nyc.gov\/<\/a>) map or call 311 to find your closest food pantry and community kitchen.<\/p><div class=\"tags\"><a class=\"program-tag button bg-color-1\">All New Yorkers<\/a><a class=\"program-tag button bg-color-1\"> regardless of immigration status<\/a><a class=\"program-tag button bg-color-1\">Everyone<\/a><\/div><\/div><div id=\"P121en\" class=\"benefit-program-list-single population-all-new-yorkers population-regardless-of-immigration-status age-caregiver age-teen age-young-adult \" data-url=\"https:\/\/sth.cityofnewyork.us\/benefit-program\/?pid=P121en\"><h2 class=\"benefit-program-list-title\"><a href=\"https:\/\/sth.cityofnewyork.us\/benefit-program\/?pid=P121en\">English conversation and learning program<\/a><\/h2><h3 class=\"benefit-program-list-subtitle\">We Speak NYC<\/h3><h3 class=\"benefit-program-list-subtitle\" style=\"color: #999;\">Education | Mayor&rsquo;s Office of Immigrant Affairs (MOIA)<\/h3><p>We Speak NYC helps English language learners age 16 and above to learn English and access services. The program has online classes, videos, web, and print materials for you to practice at home.<\/p><div class=\"tags\"><a class=\"program-tag button bg-color-1\">All New Yorkers<\/a><a class=\"program-tag button bg-color-1\"> regardless of immigration status<\/a><a class=\"program-tag button bg-color-1\">Caregiver<\/a><a class=\"program-tag button bg-color-1\">Teen<\/a><a class=\"program-tag button bg-color-1\">Young Adult<\/a><\/div><\/div><div id=\"P125en\" class=\"benefit-program-list-single population-children-0-13 population-nycha-residents population-students population-youth-10 age-grade-schooler age-pre-teen age-teen \" data-url=\"https:\/\/sth.cityofnewyork.us\/benefit-program\/?pid=P125en\"><h2 class=\"benefit-program-list-title\"><a href=\"https:\/\/sth.cityofnewyork.us\/benefit-program\/?pid=P125en\">STEM Matters NYC Summer Enrichment Programs<\/a><\/h2><h3 class=\"benefit-program-list-subtitle\">STEM Matters NYC<\/h3><h3 class=\"benefit-program-list-subtitle\" style=\"color: #999;\">Enrichment | NYC Public Schools<\/h3><p>STEM Matters NYC (<a href=\"https:\/\/spep.libguides.com\/STEMprograms\" rel=\"nofollow\">https:\/\/spep.libguides.com\/STEMprograms<\/a>) is offering free summer enrichment programs at cultural institutions throughout the five boroughs.<\/p><div class=\"tags\"><a class=\"program-tag button bg-color-1\">Children (0-13)<\/a><a class=\"program-tag button bg-color-1\">NYCHA residents<\/a><a class=\"program-tag button bg-color-1\">Students<\/a><a class=\"program-tag button bg-color-1\">Youth (10+)<\/a><a class=\"program-tag button bg-color-1\">Grade-Schooler<\/a><a class=\"program-tag button bg-color-1\">Pre-Teen<\/a><a class=\"program-tag button bg-color-1\">Teen<\/a><\/div><\/div><div id=\"P129en\" class=\"benefit-program-list-single population-families population-immigrants population-covid-19-impacted age-caregiver age-young-adult \" data-url=\"https:\/\/sth.cityofnewyork.us\/benefit-program\/?pid=P129en\"><h2 class=\"benefit-program-list-title\"><a href=\"https:\/\/sth.cityofnewyork.us\/benefit-program\/?pid=P129en\">Payment for workers with low income who are excluded from other benefits<\/a><\/h2><h3 class=\"benefit-program-list-subtitle\">Excluded Workers Fund<\/h3><h3 class=\"benefit-program-list-subtitle\" style=\"color: #999;\">Cash &#038; expenses | NYS Department of Labor (DOL)<\/h3><p>Payment to workers with low income who lost income due to COVID and who are not eligible for (<a href=\"https:\/\/access.nyc.gov\/programs\/nys-unemployment-insurance\/\" rel=\"nofollow\">https:\/\/access.nyc.gov\/programs\/nys-unemployment-insurance\/<\/a>) Unemployment Insurance (UI) due to immigration status or other factors.<\/p><div class=\"tags\"><a class=\"program-tag button bg-color-1\">Families<\/a><a class=\"program-tag button bg-color-1\">Immigrants<\/a><a class=\"program-tag button bg-color-1\">COVID-19 impacted<\/a><a class=\"program-tag button bg-color-1\">Caregiver<\/a><a class=\"program-tag button bg-color-1\">Young Adult<\/a><\/div><\/div><\/div>    <div class=\"clear\" style=\"width: 100%; clear: both; height: 1px; font-size: 1px; line-height: 1px;\">&nbsp;<\/div>\n<\/div>\n\n<p><\/p>\n","protected":false},"excerpt":{"rendered":"<p>Les immigr\u00e9s peuvent acc\u00e9der \u00e0 de nombreux services de la ville de New York, quel que soit leur statut d&rsquo;immigration. Une traduction gratuite et une aide juridique sont \u00e9galement disponibles. Quelle aide puis-je obtenir ? Si vous avez besoin de soins de sant\u00e9 ou d&rsquo;une assurance gratuits ou \u00e0 faible co\u00fbt, consultez la page \u00a0\u00bb <\/p>\n","protected":false},"author":2,"featured_media":0,"parent":0,"menu_order":11,"comment_status":"closed","ping_status":"closed","template":"page-pagenav.php","meta":{"_acf_changed":false,"footnotes":""},"program_category":[],"class_list":["post-1103","page","type-page","status-publish","hentry"],"featured_image_src":null,"acf":[],"_links":{"self":[{"href":"https:\/\/sth.cityofnewyork.us\/fr\/wp-json\/wp\/v2\/pages\/1103","targetHints":{"allow":["GET"]}}],"collection":[{"href":"https:\/\/sth.cityofnewyork.us\/fr\/wp-json\/wp\/v2\/pages"}],"about":[{"href":"https:\/\/sth.cityofnewyork.us\/fr\/wp-json\/wp\/v2\/types\/page"}],"author":[{"embeddable":true,"href":"https:\/\/sth.cityofnewyork.us\/fr\/wp-json\/wp\/v2\/users\/2"}],"replies":[{"embeddable":true,"href":"https:\/\/sth.cityofnewyork.us\/fr\/wp-json\/wp\/v2\/comments?post=1103"}],"version-history":[{"count":0,"href":"https:\/\/sth.cityofnewyork.us\/fr\/wp-json\/wp\/v2\/pages\/1103\/revisions"}],"wp:attachment":[{"href":"https:\/\/sth.cityofnewyork.us\/fr\/wp-json\/wp\/v2\/media?parent=1103"}],"wp:term":[{"taxonomy":"program_category","embeddable":true,"href":"https:\/\/sth.cityofnewyork.us\/fr\/wp-json\/wp\/v2\/program_category?post=1103"}],"curies":[{"name":"wp","href":"https:\/\/api.w.org\/{rel}","templated":true}]}}