{"id":900,"date":"2021-04-27T19:13:52","date_gmt":"2021-04-27T19:13:52","guid":{"rendered":"https:\/\/sth.cityofnewyork.us\/acerca-de\/"},"modified":"2022-11-18T00:18:58","modified_gmt":"2022-11-18T00:18:58","slug":"acerca-de","status":"publish","type":"page","link":"https:\/\/sth.cityofnewyork.us\/es\/acerca-de\/","title":{"rendered":"Acerca de"},"content":{"rendered":"\n<h2 class=\"wp-block-heading\" class=\"wp-block-heading\" id=\"informacion-para-el-personal-de-primera-linea\">Informaci\u00f3n para el personal de primera l\u00ednea<\/h2>\n\n<h3 class=\"wp-block-heading\" class=\"wp-block-heading\" id=\"por-que-una-guia-de-recursos-de-sth\">\u00bfPor qu\u00e9 una<em> gu\u00eda de recursos de STH<\/em>?<\/h3>\n\n<p class=\"has-medium-font-size\">Las familias que experimentan inestabilidad en la vivienda suelen tener que navegar por un complejo panorama de servicios, prestaciones y recursos. La <em>Gu\u00eda de Recursos STH<\/em> facilita este proceso. Es un \u00fanico lugar al que acudir, simplifica la informaci\u00f3n compleja y orienta a las familias hacia las v\u00edas de apoyo. El sitio tambi\u00e9n est\u00e1 disponible en los <a rel=\"noreferrer noopener\" href=\"https:\/\/www.schools.nyc.gov\/about-us\/policies\/language-access-policy\" target=\"_blank\">idiomas cubiertos por el DOE<\/a>: \u00e1rabe, bengal\u00ed, chino, franc\u00e9s, criollo haitiano, coreano, ruso, espa\u00f1ol y urdu.<\/p>\n\n<h3 class=\"wp-block-heading\" class=\"wp-block-heading\" id=\"como-se-utiliza-la-guia-de-recursos-sth\">\u00bfC\u00f3mo se utiliza la <em>Gu\u00eda de Recursos STH<\/em>?<\/h3>\n\n<p class=\"has-medium-font-size\">La mayor\u00eda de las familias encuentran la <em>Gu\u00eda de Recursos STH<\/em> lo suficientemente sencilla como para explorarla por su cuenta. Sin embargo, tambi\u00e9n puede utilizarse para apoyar las conversaciones entre el personal y las familias, como en las escuelas, los albergues, los centros de acogida para j\u00f3venes, los centros de servicios de la HRA y en el PATH.<\/p>\n\n<h3 class=\"wp-block-heading\" class=\"wp-block-heading\" id=\"como-puedo-utilizarlo\">\u00bfC\u00f3mo puedo utilizarlo?<\/h3>\n\n<p class=\"has-medium-font-size\">Imprima los folletos que aparecen a continuaci\u00f3n. El superior, destinado a las familias, puede colocarse en las zonas comunes donde se trabaja. El segundo folleto, destinado al personal, contiene sugerencias espec\u00edficas sobre c\u00f3mo el personal de las escuelas, los centros de acogida y otros organismos puede utilizar la Gu\u00eda para apoyar a las familias a las que atienden.  <\/p>\n\n<ul class=\"has-medium-font-size wp-block-list\"><li><strong>Alcance:<\/strong> si cree que una familia est\u00e1 experimentando inestabilidad en la vivienda, env\u00ede el enlace del sitio web <a href=\"http:\/\/sth.cityofnewyork.us\/\" data-type=\"URL\" data-id=\"sth.cityofnewyork.us\/\">sth.cityofnewyork.us<\/a> para que puedan informarse y buscar apoyo<\/li><li><strong>Admisi\u00f3n: <\/strong>repasar la <em>gu\u00eda de recursos de STH<\/em> al hablar de los recursos que pueden utilizar las familias<\/li><li><strong>Autoformaci\u00f3n:<\/strong> a muchos empleados tambi\u00e9n les resulta \u00fatil ver todos los recursos disponibles para las familias alojadas temporalmente en un solo lugar<\/li><\/ul>\n<h2 class=\"wp-block-heading\" class=\"wp-block-heading\" id=\"folleto-para-las-familias\"><strong>Folleto: Para las familias<\/strong><\/h2>\n\n<div data-wp-interactive=\"core\/file\" class=\"wp-block-file\"><object data-wp-bind--hidden=\"!state.hasPdfPreview\" hidden class=\"wp-block-file__embed\" data=\"https:\/\/sth.cityofnewyork.us\/wp-content\/uploads\/2022\/11\/STHResourceGuide_OutreachPoster_Families.pdf\" type=\"application\/pdf\" style=\"width:100%;height:720px\" aria-label=\"Embed of Embed of STHResourceGuide_OutreachPoster_Families..\"><\/object><a id=\"wp-block-file--media-974c0d7b-7352-4c06-a840-9b0a5a2747be\" href=\"https:\/\/sth.cityofnewyork.us\/wp-content\/uploads\/2022\/11\/STHResourceGuide_OutreachPoster_Families.pdf\">STHResourceGuide_OutreachPoster_Families<\/a><a href=\"https:\/\/sth.cityofnewyork.us\/wp-content\/uploads\/2022\/11\/STHResourceGuide_OutreachPoster_Families.pdf\" class=\"wp-block-file__button\" download=\"\" aria-describedby=\"wp-block-file--media-974c0d7b-7352-4c06-a840-9b0a5a2747be\">Descargar<\/a><\/div>\n\n<h2 class=\"wp-block-heading\" class=\"wp-block-heading\" id=\"folleto-para-el-personal-de-escuelas-albergues-y-otros-organismos\"><strong>Folleto: Para el personal de escuelas, albergues y otros organismos<\/strong><\/h2>\n\n<div data-wp-interactive=\"core\/file\" class=\"wp-block-file\"><object data-wp-bind--hidden=\"!state.hasPdfPreview\" hidden class=\"wp-block-file__embed\" data=\"https:\/\/sth.cityofnewyork.us\/wp-content\/uploads\/2022\/11\/STHResourceGuide_OutreachPoster_Staff.pdf\" type=\"application\/pdf\" style=\"width:100%;height:600px\" aria-label=\"Embed of Embed of STHResourceGuide_OutreachPoster_Staff..\"><\/object><a id=\"wp-block-file--media-974c0d7b-7352-4c06-a840-9b0a5a2747be\" href=\"https:\/\/sth.cityofnewyork.us\/wp-content\/uploads\/2022\/11\/STHResourceGuide_OutreachPoster_Staff.pdf\">STHResourceGuide_OutreachPoster_Staff<\/a><a href=\"https:\/\/sth.cityofnewyork.us\/wp-content\/uploads\/2022\/11\/STHResourceGuide_OutreachPoster_Staff.pdf\" class=\"wp-block-file__button\" download=\"\" aria-describedby=\"wp-block-file--media-974c0d7b-7352-4c06-a840-9b0a5a2747be\">Descargar<\/a><\/div>\n<div class=\"wp-block-ub-divider ub_divider ub-divider-orientation-horizontal\" id=\"ub_divider_0812e0aa-5156-43c7-95de-1c33ed60d8a8\"><div class=\"ub_divider_wrapper\" style=\"position: relative; margin-bottom: 40px; width: 100%; height: 40px; \" data-divider-alignment=\"center\"><div class=\"ub_divider_line\" style=\"border-top: 4px solid #2c74bb; margin-top: 40px; \"><\/div><\/div><\/div>\n<h2 class=\"wp-block-heading\" class=\"wp-block-heading\" id=\"informacion-sobre-la-guia-de-recursos-sth\">Informaci\u00f3n sobre la <em>gu\u00eda de recursos STH<\/em><\/h2>\n\n<h3 class=\"wp-block-heading\" class=\"wp-block-heading\" id=\"quien-ha-elaborado-la-guia-de-recursos-sth\">\u00bfQui\u00e9n ha elaborado la <em>Gu\u00eda de Recursos STH<\/em>?<\/h3>\n\n<p class=\"has-medium-font-size\">El  La <em>Gu\u00eda de Recursos STH<\/em> fue dise\u00f1ada con padres alojados temporalmente y personal de primera l\u00ednea, en una colaboraci\u00f3n entre el  <a rel=\"noreferrer noopener\" href=\"https:\/\/www1.nyc.gov\/site\/acs\/index.page\" target=\"_blank\">Administraci\u00f3n de Servicios para la Infancia de la ciudad de Nueva York<\/a>,  <a rel=\"noreferrer noopener\" href=\"https:\/\/www.schools.nyc.gov\/\" target=\"_blank\">Departamento de Educaci\u00f3n de la ciudad de Nueva York<\/a>,  Departamento de <a rel=\"noreferrer noopener\" href=\"https:\/\/www1.nyc.gov\/site\/doh\/index.page\" target=\"_blank\">Salud e Higiene Mental de la ciudad<\/a> de Nueva York, <a rel=\"noreferrer noopener\" href=\"https:\/\/www1.nyc.gov\/site\/dhs\/index.page\" target=\"_blank\">Departamento de Servicios para Personas sin Hogar de la ciudad de Nueva York<\/a>, <a rel=\"noreferrer noopener\" href=\"https:\/\/www1.nyc.gov\/site\/dycd\/index.page\" target=\"_blank\">Departamento de Juventud y Desarrollo Comunitario<\/a> de <a rel=\"noreferrer noopener\" href=\"https:\/\/www1.nyc.gov\/site\/hra\/about\/about-hra.page\" target=\"_blank\">la ciudad de Nueva<\/a> York, <a rel=\"noreferrer noopener\" href=\"https:\/\/www1.nyc.gov\/site\/hra\/about\/about-hra.page\" target=\"_blank\">Administraci\u00f3n de Recursos Humanos de la ciudad de Nueva York<\/a> y el <a rel=\"noreferrer noopener\" href=\"http:\/\/publicpolicylab.org\/\" target=\"_blank\">Laboratorio de Pol\u00edticas<\/a> P\u00fablicas, un equipo de innovaci\u00f3n sin \u00e1nimo de lucro para el gobierno. La <a href=\"https:\/\/country.db.com\/usa\/responsibility\/\" data-type=\"URL\" data-id=\"https:\/\/country.db.com\/usa\/responsibility\/\" target=\"_blank\" rel=\"noreferrer noopener\">Fundaci\u00f3n Deutsche Bank Americas<\/a> ha prestado su apoyo.<\/p>\n\n<h3 class=\"wp-block-heading\" class=\"wp-block-heading\" id=\"guia-de-recursos-de-la-tecnologia-que-impulsa-el-sth\"><strong> <em>Gu\u00eda de recursos<\/em> de la tecnolog\u00eda que impulsa el <em>STH<\/em><\/strong><\/h3>\n\n<p class=\"has-medium-font-size\">La <em>Gu\u00eda de Recursos STH<\/em> est\u00e1 desarrollada en WordPress, un sistema de gesti\u00f3n de contenidos de c\u00f3digo abierto, y alojada en WP Engine.<\/p>\n\n<p class=\"has-medium-font-size\">El contenido del programa, que se comparte con <a rel=\"noreferrer noopener\" href=\"https:\/\/access.nyc.gov\/\" target=\"_blank\">Access NYC<\/a>, est\u00e1 disponible p\u00fablicamente a trav\u00e9s del<a href=\"https:\/\/data.cityofnewyork.us\/City-Government\/Benefits-and-Programs-Multilingual-Dataset\/yjpx-srhp\/data\">conjunto de datos multiling\u00fces de prestaciones y programas<\/a><em> <\/em><a href=\"https:\/\/data.cityofnewyork.us\/City-Government\/Benefits-and-Programs-Multilingual-Dataset\/yjpx-srhp\/data\"> en el portal de <\/a><a rel=\"noreferrer noopener\" href=\"https:\/\/opendata.cityofnewyork.us\/\" target=\"_blank\">datos abiertos<\/a> de la ciudad de Nueva York.<br\/><\/p>\n\n<h3 class=\"wp-block-heading\" class=\"wp-block-heading\" id=\"informacion-sobre-las-traducciones\"><strong>Informaci\u00f3n sobre las traducciones<\/strong><\/h3>\n\n<p class=\"has-medium-font-size\">La <em>Gu\u00eda de Recursos STH<\/em> est\u00e1 disponible en los idiomas del DOE: \u00c1rabe, bengal\u00ed, chino, franc\u00e9s, criollo haitiano, coreano, ruso, espa\u00f1ol y urdu.<\/p>\n\n<p class=\"has-medium-font-size\">Las prestaciones que aparecen en las p\u00e1ginas de <a href=\"https:\/\/sth.cityofnewyork.us\/#public-benefits\">prestaciones<\/a> y <a href=\"https:\/\/sth.cityofnewyork.us\/#city-agencies\" data-type=\"URL\" data-id=\"https:\/\/sth.cityofnewyork.us\/#city-agencies\">agencias<\/a> utilizan traducciones humanas incluidas en el <a href=\"https:\/\/data.cityofnewyork.us\/City-Government\/Benefits-and-Programs-Multilingual-Dataset\/yjpx-srhp\/data\">conjunto de datos multiling\u00fces<\/a>. El resto del contenido del sitio se traduce utilizando <a rel=\"noreferrer noopener\" href=\"https:\/\/wpml.org\" target=\"_blank\">WordPress Multilingual<\/a> (WPML).  <br\/><\/p>\n\n<h3 class=\"wp-block-heading\" class=\"wp-block-heading\" id=\"descargo-de-responsabilidad-de-la-traduccion\"><strong>Descargo de responsabilidad de la traducci\u00f3n<\/strong><\/h3>\n\n<p class=\"has-medium-font-size\">La <em>Gu\u00eda de Recursos STH<\/em> puede traducirse seleccionando su idioma en la parte superior o inferior de cualquiera de las p\u00e1ginas. Esta funci\u00f3n se ha habilitado para su comodidad utilizando un software de traducci\u00f3n con WordPress Multilingual. No obstante, tenga en cuenta que las traducciones autom\u00e1ticas no pretenden sustituir a los traductores humanos y se ofrecen como un servicio a los usuarios del  <meta charset=\"utf-8\"\/>Sitio web <em>de la Gu\u00eda de Recursos de STH<\/em>. No se ofrece ning\u00fan tipo de garant\u00eda, ni expresa ni impl\u00edcita, sobre la exactitud, fiabilidad o correcci\u00f3n de las traducciones realizadas del ingl\u00e9s a cualquier otro idioma. Es posible que algunos contenidos (como im\u00e1genes, v\u00eddeos, Flash, etc.) no se traduzcan con precisi\u00f3n debido a las limitaciones del software de traducci\u00f3n.<\/p>\n","protected":false},"excerpt":{"rendered":"<p>Informaci\u00f3n para el personal de primera l\u00ednea \u00bfPor qu\u00e9 una gu\u00eda de recursos de STH? Las familias que experimentan inestabilidad en la vivienda suelen tener que navegar por un complejo panorama de servicios, prestaciones y recursos. La Gu\u00eda de Recursos STH facilita este proceso. Es un \u00fanico lugar al que acudir, simplifica la informaci\u00f3n compleja <\/p>\n","protected":false},"author":1,"featured_media":0,"parent":0,"menu_order":3,"comment_status":"closed","ping_status":"closed","template":"page-pagenav.php","meta":{"_acf_changed":false,"footnotes":""},"program_category":[],"class_list":["post-900","page","type-page","status-publish","hentry"],"featured_image_src":null,"acf":[],"_links":{"self":[{"href":"https:\/\/sth.cityofnewyork.us\/es\/wp-json\/wp\/v2\/pages\/900","targetHints":{"allow":["GET"]}}],"collection":[{"href":"https:\/\/sth.cityofnewyork.us\/es\/wp-json\/wp\/v2\/pages"}],"about":[{"href":"https:\/\/sth.cityofnewyork.us\/es\/wp-json\/wp\/v2\/types\/page"}],"author":[{"embeddable":true,"href":"https:\/\/sth.cityofnewyork.us\/es\/wp-json\/wp\/v2\/users\/1"}],"replies":[{"embeddable":true,"href":"https:\/\/sth.cityofnewyork.us\/es\/wp-json\/wp\/v2\/comments?post=900"}],"version-history":[{"count":0,"href":"https:\/\/sth.cityofnewyork.us\/es\/wp-json\/wp\/v2\/pages\/900\/revisions"}],"wp:attachment":[{"href":"https:\/\/sth.cityofnewyork.us\/es\/wp-json\/wp\/v2\/media?parent=900"}],"wp:term":[{"taxonomy":"program_category","embeddable":true,"href":"https:\/\/sth.cityofnewyork.us\/es\/wp-json\/wp\/v2\/program_category?post=900"}],"curies":[{"name":"wp","href":"https:\/\/api.w.org\/{rel}","templated":true}]}}